{"id":2167,"date":"2019-08-23T00:40:54","date_gmt":"2019-08-22T22:40:54","guid":{"rendered":"http:\/\/www.kazacube.com\/site\/?page_id=2167"},"modified":"2025-01-13T11:48:38","modified_gmt":"2025-01-13T10:48:38","slug":"contact","status":"publish","type":"page","link":"https:\/\/www.kazacube.com\/site\/contact\/","title":{"rendered":"Nous contacter"},"content":{"rendered":"<div class=\"frm_forms  with_frm_style frm_style_sleek-smooth-style\" id=\"frm_form_7_container\" data-token=\"143897bd66dc2b9abdb8b3cc3733bcee\">\n<form enctype=\"multipart\/form-data\" method=\"post\" class=\"frm-show-form  frm_pro_form \" id=\"form_nouscontacter\" data-token=\"143897bd66dc2b9abdb8b3cc3733bcee\">\n<div class=\"frm_form_fields \">\n<fieldset>\n<legend class=\"frm_screen_reader\">Nous contacter<\/legend>\r\n\r\n<div class=\"frm_fields_container\">\n<input type=\"hidden\" name=\"frm_action\" value=\"create\" \/>\n<input type=\"hidden\" name=\"form_id\" value=\"7\" \/>\n<input type=\"hidden\" name=\"frm_hide_fields_7\" id=\"frm_hide_fields_7\" value=\"\" \/>\n<input type=\"hidden\" name=\"form_key\" value=\"nouscontacter\" \/>\n<input type=\"hidden\" name=\"item_meta[0]\" value=\"\" \/>\n<input type=\"hidden\" id=\"frm_submit_entry_7\" name=\"frm_submit_entry_7\" value=\"04f4202938\" \/><input type=\"hidden\" name=\"_wp_http_referer\" value=\"\/site\/wp-json\/wp\/v2\/pages\/2167\" \/><div id=\"frm_field_294_container\" class=\"frm_form_field form-field  frm_required_field frm_top_container frm6 frm_first\">\r\n    <label for=\"field_cuct3\" id=\"field_cuct3_label\" class=\"frm_primary_label\">Nom\r\n        <span class=\"frm_required\" aria-hidden=\"true\">*<\/span>\r\n    <\/label>\r\n    <input  type=\"text\" id=\"field_cuct3\" name=\"item_meta[294]\" value=\"\"  placeholder=\"Nom\" data-reqmsg=\"Ce champ ne peut pas \u00eatre vide\" aria-required=\"true\" data-invmsg=\"texte est non valide\" aria-invalid=\"false\"   \/>\r\n    \r\n    \r\n<\/div>\n<div id=\"frm_field_296_container\" class=\"frm_form_field form-field  frm_required_field frm_top_container frm6 frm_half\">\r\n    <label for=\"field_o2692\" id=\"field_o2692_label\" class=\"frm_primary_label\">Pr\u00e9nom\r\n        <span class=\"frm_required\" aria-hidden=\"true\">*<\/span>\r\n    <\/label>\r\n    <input  type=\"text\" id=\"field_o2692\" name=\"item_meta[296]\" value=\"\"  placeholder=\"Pr\u00e9nom\" data-reqmsg=\"Ce champ ne peut pas \u00eatre vide\" aria-required=\"true\" data-invmsg=\"texte est non valide\" aria-invalid=\"false\"   \/>\r\n    \r\n    \r\n<\/div>\n<div id=\"frm_field_295_container\" class=\"frm_form_field form-field  frm_top_container\">\r\n    <label for=\"field_7oybx\" id=\"field_7oybx_label\" class=\"frm_primary_label\">Entreprise \/ Organisation\r\n        <span class=\"frm_required\" aria-hidden=\"true\"><\/span>\r\n    <\/label>\r\n    <input  type=\"text\" id=\"field_7oybx\" name=\"item_meta[295]\" value=\"\"  data-invmsg=\"texte est non valide\" aria-invalid=\"false\"   \/>\r\n    \r\n    \r\n<\/div>\n<div id=\"frm_field_297_container\" class=\"frm_form_field form-field  frm_top_container\">\r\n    <label for=\"field_5pdij\" id=\"field_5pdij_label\" class=\"frm_primary_label\">Email\r\n        <span class=\"frm_required\" aria-hidden=\"true\"><\/span>\r\n    <\/label>\r\n    <input type=\"email\" id=\"field_5pdij\" name=\"item_meta[297]\" value=\"\"  data-invmsg=\"Email est non valide\" aria-invalid=\"false\"  \/>\r\n    \r\n    \r\n<\/div>\n<div id=\"frm_field_298_container\" class=\"frm_form_field form-field  frm_top_container frm12 frm_first\">\r\n    <label for=\"field_stiz8\" id=\"field_stiz8_label\" class=\"frm_primary_label\">T\u00e9l\u00e9phone\r\n        <span class=\"frm_required\" aria-hidden=\"true\"><\/span>\r\n    <\/label>\r\n    <input type=\"tel\" id=\"field_stiz8\" name=\"item_meta[298]\" value=\"\"  data-invmsg=\"T\u00e9l\u00e9phone est non valide\" aria-invalid=\"false\" pattern=\"((\\+\\d{1,3}(-|.| )?\\(?\\d\\)?(-| |.)?\\d{1,5})|(\\(?\\d{2,6}\\)?))(-|.| )?(\\d{3,4})(-|.| )?(\\d{4})(( x| ext)\\d{1,5}){0,1}$\"  \/>\r\n    \r\n    \r\n<\/div>\n<div id=\"frm_field_299_container\" class=\"frm_form_field form-field  frm_top_container frm12 frm_first\">\r\n    <label for=\"field_q22ck\" id=\"field_q22ck_label\" class=\"frm_primary_label\">Votre demande\r\n        <span class=\"frm_required\" aria-hidden=\"true\"><\/span>\r\n    <\/label>\r\n    <input  type=\"text\" id=\"field_q22ck\" name=\"item_meta[299]\" value=\"\"  data-invmsg=\"texte est non valide\" aria-invalid=\"false\"   \/>\r\n    \r\n    \r\n<\/div>\n<div id=\"frm_field_319_container\" class=\"frm_form_field  frm_html_container form-field\"><span style=\"font-size: small;\"> Le Groupe Kazacube s&rsquo;engage \u00e0 prot\u00e9ger et \u00e0 respecter votre vie priv\u00e9e. Nous n\u2019utiliserons vos donn\u00e9es personnelles que pour g\u00e9rer votre compte et vous transmettre des informations sur les produits et services demand\u00e9s. Nous pourrions \u00e9galement \u00eatre amen\u00e9s \u00e0 vous transmettre des informations suppl\u00e9mentaires qui pourraient vous int\u00e9resser. Pour exercer ces droits ou pour toute question sur le traitement de vos donn\u00e9es dans ce dispositif, vous pouvez contacter contact@kazacube.com <\/span><\/div>\n<div id=\"frm_field_320_container\" class=\"frm_form_field form-field  frm_top_container vertical_radio\">\n\t<div  id=\"field_raeid_label\" class=\"frm_primary_label\">Si vous acceptez, cochez la case :\n\t\t<span class=\"frm_required\" aria-hidden=\"true\"><\/span>\n\t<\/div>\n\t<div class=\"frm_opt_container\" aria-labelledby=\"field_raeid_label\" role=\"group\">\t\t<div class=\"frm_checkbox\" id=\"frm_checkbox_320-0\">\t\t\t<label  for=\"field_raeid-0\">\n\t\t\t<input type=\"checkbox\" name=\"item_meta[320][]\" id=\"field_raeid-0\" value=\"J&#039;ai pris connaissance des conditions de gestion de mes donn\u00e9es personnelles, et accepte de recevoir d&#039;autres communications de Kazacube.\"  data-invmsg=\"Si vous acceptez, cochez la case : est non valide\"   \/> J&rsquo;ai pris connaissance des conditions de gestion de mes donn\u00e9es personnelles, et accepte de recevoir d&rsquo;autres communications de Kazacube.<\/label><\/div>\n<\/div>\n\t\n\t\n<\/div>\n<div id=\"frm_field_304_container\" class=\"frm_form_field form-field  frm_none_container\">\n\t<label for=\"h-captcha-response\" id=\"field_m4eh4_label\" class=\"frm_primary_label\">Captcha\n\t\t<span class=\"frm_required\" aria-hidden=\"true\"><\/span>\n\t<\/label>\n\t<div  id=\"field_m4eh4\" class=\"h-captcha\" data-sitekey=\"66330d57-a2e7-451d-8087-b43a16b1185a\" data-size=\"normal\" data-theme=\"light\"><\/div>\n\t<div class=\"frm_description\" id=\"frm_desc_field_m4eh4\">Vous pouvez vous d\u00e9sabonner de ces communications \u00e0 tout moment. Consultez nos mentions l\u00e9gales (https:\/\/www.kazacube.com\/site\/mentions-legales\/) pour en savoir plus sur nos modalit\u00e9s de d\u00e9sabonnement, nos politiques de confidentialit\u00e9 et sur notre engagement vis-\u00e0-vis de la protection et du respect de la vie priv\u00e9e.\r\nEn cliquant sur \u00ab Envoyer \u00bb ci-dessous, vous autorisez le Groupe Kazacube \u00e0 stocker et traiter les donn\u00e9es personnelles soumises ci-dessus afin que nos \u00e9quipes vous fournissent les informations demand\u00e9es. <\/div>\n\t\n<\/div>\n<div id=\"frm_field_303_container\" class=\"frm_form_field form-field \">\n\t<div class=\"frm_submit\">\r\n\r\n<button class=\"frm_button_submit frm_final_submit\" type=\"submit\"   formnovalidate=\"formnovalidate\">Envoyer<\/button>\r\n\r\n\r\n<\/div>\n<\/div>\n\t<input type=\"hidden\" name=\"item_key\" value=\"\" \/>\n\t\t\t<div id=\"frm_field_323_container\">\n\t\t\t<label for=\"field_1dz69\" >\n\t\t\t\tSi vous \u00eates un humain, ne remplissez pas ce champ.\t\t\t<\/label>\n\t\t\t<input  id=\"field_1dz69\" type=\"text\" class=\"frm_form_field form-field frm_verify\" name=\"item_meta[323]\" value=\"\"  \/>\n\t\t<\/div>\n\t\t<input name=\"frm_state\" type=\"hidden\" value=\"ny+b1BTuL76u670PAP12wSeG4AV7dWK42xp47e4eJoQfK6caXVCU2HM3rv+Db6om\" \/><\/div>\n<\/fieldset>\n<\/div>\n\n<\/form>\n<\/div>\n\n\n\n<h1 class=\"wp-block-heading\">Adresse : <\/h1>\n\n\n\n<p class=\"has-very-light-gray-background-color has-background\"><strong>FRANCE<\/strong> &#8211;  <strong>SUD-PACA<\/strong> &#8211; Marseille &amp; <strong>OCCITANIE<\/strong> &#8211; Cahors<\/p>\n\n\n\n<p>T\u00e9l\u00e9phone : +33 9 72 27 57 77<\/p>\n\n\n\n<p class=\"has-very-light-gray-background-color has-background\"><strong>MAROC<\/strong> &#8211; Casablanca <\/p>\n\n\n\n<p>T\u00e9l\u00e9phone : +212 5 22 23 54 44<\/p>\n\n\n\n<p>44, boulevard Smiha (Tramway Mohamed Diouri) <strong>Casablanca<\/strong> <\/p>\n\n\n<div class=\"wp-block-image\">\n<figure class=\"aligncenter size-full\"><a href=\"https:\/\/www.qwant.com\/maps\/place\/street:osm:way:36852371?q=44%2C+boulevard+Smiha+casablanca&amp;client=direct-search#map=15.50\/33.5937455\/-7.6088352\"><img loading=\"lazy\" decoding=\"async\" width=\"754\" height=\"554\" src=\"https:\/\/www.kazacube.com\/sitewp-content\/uploads\/2021\/10\/Adresse_Kazacube_2021_v2.png\" alt=\"BD_SMIHA_CASABLANCA\" class=\"wp-image-2351\" srcset=\"https:\/\/www.kazacube.com\/site\/wp-content\/uploads\/2021\/10\/Adresse_Kazacube_2021_v2.png 754w, https:\/\/www.kazacube.com\/site\/wp-content\/uploads\/2021\/10\/Adresse_Kazacube_2021_v2-300x220.png 300w\" sizes=\"auto, (max-width: 754px) 100vw, 754px\" \/><\/a><\/figure>\n<\/div>\n\n\n<p class=\"has-very-light-gray-background-color has-background\"><strong>TUNISIE<\/strong> &#8211; Tunis<\/p>\n\n\n\n<p><\/p>\n\n\n\n<p><\/p>\n","protected":false},"excerpt":{"rendered":"<p>Adresse : FRANCE &#8211; SUD-PACA &#8211; Marseille &amp; OCCITANIE &#8211; Cahors T\u00e9l\u00e9phone : +33 9 72 27 57 77 MAROC &#8211; Casablanca T\u00e9l\u00e9phone : +212 5 22 23 54 44 44, boulevard Smiha (Tramway Mohamed Diouri) Casablanca TUNISIE &#8211; Tunis<\/p>\n","protected":false},"author":1,"featured_media":0,"parent":0,"menu_order":0,"comment_status":"closed","ping_status":"closed","template":"","meta":{"footnotes":""},"class_list":["post-2167","page","type-page","status-publish","hentry"],"yoast_head":"<!-- This site is optimized with the Yoast SEO plugin v27.1.1 - https:\/\/yoast.com\/product\/yoast-seo-wordpress\/ -->\n<title>Nous contacter - Kazacube-Conseil-Informatique-Formation<\/title>\n<meta name=\"description\" content=\"Contactez Kazacube pour vous accompagner en France, au Maroc et en Tunisie, \u00e0 r\u00e9ussir vos projets ERP-GPAO.\" \/>\n<meta name=\"robots\" content=\"index, follow, max-snippet:-1, max-image-preview:large, max-video-preview:-1\" \/>\n<link rel=\"canonical\" href=\"https:\/\/www.kazacube.com\/site\/contact\/\" \/>\n<meta property=\"og:locale\" content=\"fr_FR\" \/>\n<meta property=\"og:type\" content=\"article\" \/>\n<meta property=\"og:title\" content=\"Contactez Kazacube - FRANCE | MAROC | TUNISIE\" \/>\n<meta property=\"og:description\" content=\"Nos \u00e9quipes sont \u00e0 votre \u00e9coute ! #projetERP #GPAO\" \/>\n<meta property=\"og:url\" content=\"https:\/\/www.kazacube.com\/site\/contact\/\" \/>\n<meta property=\"og:site_name\" content=\"Kazacube-Conseil-Informatique-Formation\" \/>\n<meta property=\"article:modified_time\" content=\"2025-01-13T10:48:38+00:00\" \/>\n<meta property=\"og:image\" content=\"https:\/\/www.kazacube.com\/site\/wp-content\/uploads\/2019\/05\/Fotolia_8044263_XS.jpg\" \/>\n\t<meta property=\"og:image:width\" content=\"424\" \/>\n\t<meta property=\"og:image:height\" content=\"283\" \/>\n\t<meta property=\"og:image:type\" content=\"image\/jpeg\" \/>\n<meta name=\"twitter:card\" content=\"summary_large_image\" \/>\n<meta name=\"twitter:label1\" content=\"Dur\u00e9e de lecture estim\u00e9e\" \/>\n\t<meta name=\"twitter:data1\" content=\"1 minute\" \/>\n<script type=\"application\/ld+json\" class=\"yoast-schema-graph\">{\"@context\":\"https:\/\/schema.org\",\"@graph\":[{\"@type\":[\"WebPage\",\"ContactPage\"],\"@id\":\"https:\/\/www.kazacube.com\/site\/contact\/\",\"url\":\"https:\/\/www.kazacube.com\/site\/contact\/\",\"name\":\"Nous contacter - Kazacube-Conseil-Informatique-Formation\",\"isPartOf\":{\"@id\":\"https:\/\/www.kazacube.com\/site\/#website\"},\"primaryImageOfPage\":{\"@id\":\"https:\/\/www.kazacube.com\/site\/contact\/#primaryimage\"},\"image\":{\"@id\":\"https:\/\/www.kazacube.com\/site\/contact\/#primaryimage\"},\"thumbnailUrl\":\"https:\/\/www.kazacube.com\/sitewp-content\/uploads\/2021\/10\/Adresse_Kazacube_2021_v2.png\",\"datePublished\":\"2019-08-22T22:40:54+00:00\",\"dateModified\":\"2025-01-13T10:48:38+00:00\",\"description\":\"Contactez Kazacube pour vous accompagner en France, au Maroc et en Tunisie, \u00e0 r\u00e9ussir vos projets ERP-GPAO.\",\"breadcrumb\":{\"@id\":\"https:\/\/www.kazacube.com\/site\/contact\/#breadcrumb\"},\"inLanguage\":\"fr-FR\",\"potentialAction\":[{\"@type\":\"ReadAction\",\"target\":[\"https:\/\/www.kazacube.com\/site\/contact\/\"]}]},{\"@type\":\"ImageObject\",\"inLanguage\":\"fr-FR\",\"@id\":\"https:\/\/www.kazacube.com\/site\/contact\/#primaryimage\",\"url\":\"https:\/\/www.kazacube.com\/site\/wp-content\/uploads\/2021\/10\/Adresse_Kazacube_2021_v2.png\",\"contentUrl\":\"https:\/\/www.kazacube.com\/site\/wp-content\/uploads\/2021\/10\/Adresse_Kazacube_2021_v2.png\",\"width\":754,\"height\":554,\"caption\":\"BD_SMIHA_CASABLANCA\"},{\"@type\":\"BreadcrumbList\",\"@id\":\"https:\/\/www.kazacube.com\/site\/contact\/#breadcrumb\",\"itemListElement\":[{\"@type\":\"ListItem\",\"position\":1,\"name\":\"Accueil\",\"item\":\"https:\/\/www.kazacube.com\/site\/\"},{\"@type\":\"ListItem\",\"position\":2,\"name\":\"Nous contacter\"}]},{\"@type\":\"WebSite\",\"@id\":\"https:\/\/www.kazacube.com\/site\/#website\",\"url\":\"https:\/\/www.kazacube.com\/site\/\",\"name\":\"Kazacube-Conseil-Informatique-Formation\",\"description\":\"R\u00e9v\u00e9lateur de succ\u00e8s\",\"potentialAction\":[{\"@type\":\"SearchAction\",\"target\":{\"@type\":\"EntryPoint\",\"urlTemplate\":\"https:\/\/www.kazacube.com\/site\/?s={search_term_string}\"},\"query-input\":{\"@type\":\"PropertyValueSpecification\",\"valueRequired\":true,\"valueName\":\"search_term_string\"}}],\"inLanguage\":\"fr-FR\"}]}<\/script>\n<!-- \/ Yoast SEO plugin. -->","yoast_head_json":{"title":"Nous contacter - Kazacube-Conseil-Informatique-Formation","description":"Contactez Kazacube pour vous accompagner en France, au Maroc et en Tunisie, \u00e0 r\u00e9ussir vos projets ERP-GPAO.","robots":{"index":"index","follow":"follow","max-snippet":"max-snippet:-1","max-image-preview":"max-image-preview:large","max-video-preview":"max-video-preview:-1"},"canonical":"https:\/\/www.kazacube.com\/site\/contact\/","og_locale":"fr_FR","og_type":"article","og_title":"Contactez Kazacube - FRANCE | MAROC | TUNISIE","og_description":"Nos \u00e9quipes sont \u00e0 votre \u00e9coute ! #projetERP #GPAO","og_url":"https:\/\/www.kazacube.com\/site\/contact\/","og_site_name":"Kazacube-Conseil-Informatique-Formation","article_modified_time":"2025-01-13T10:48:38+00:00","og_image":[{"width":424,"height":283,"url":"https:\/\/www.kazacube.com\/site\/wp-content\/uploads\/2019\/05\/Fotolia_8044263_XS.jpg","type":"image\/jpeg"}],"twitter_card":"summary_large_image","twitter_misc":{"Dur\u00e9e de lecture estim\u00e9e":"1 minute"},"schema":{"@context":"https:\/\/schema.org","@graph":[{"@type":["WebPage","ContactPage"],"@id":"https:\/\/www.kazacube.com\/site\/contact\/","url":"https:\/\/www.kazacube.com\/site\/contact\/","name":"Nous contacter - Kazacube-Conseil-Informatique-Formation","isPartOf":{"@id":"https:\/\/www.kazacube.com\/site\/#website"},"primaryImageOfPage":{"@id":"https:\/\/www.kazacube.com\/site\/contact\/#primaryimage"},"image":{"@id":"https:\/\/www.kazacube.com\/site\/contact\/#primaryimage"},"thumbnailUrl":"https:\/\/www.kazacube.com\/sitewp-content\/uploads\/2021\/10\/Adresse_Kazacube_2021_v2.png","datePublished":"2019-08-22T22:40:54+00:00","dateModified":"2025-01-13T10:48:38+00:00","description":"Contactez Kazacube pour vous accompagner en France, au Maroc et en Tunisie, \u00e0 r\u00e9ussir vos projets ERP-GPAO.","breadcrumb":{"@id":"https:\/\/www.kazacube.com\/site\/contact\/#breadcrumb"},"inLanguage":"fr-FR","potentialAction":[{"@type":"ReadAction","target":["https:\/\/www.kazacube.com\/site\/contact\/"]}]},{"@type":"ImageObject","inLanguage":"fr-FR","@id":"https:\/\/www.kazacube.com\/site\/contact\/#primaryimage","url":"https:\/\/www.kazacube.com\/site\/wp-content\/uploads\/2021\/10\/Adresse_Kazacube_2021_v2.png","contentUrl":"https:\/\/www.kazacube.com\/site\/wp-content\/uploads\/2021\/10\/Adresse_Kazacube_2021_v2.png","width":754,"height":554,"caption":"BD_SMIHA_CASABLANCA"},{"@type":"BreadcrumbList","@id":"https:\/\/www.kazacube.com\/site\/contact\/#breadcrumb","itemListElement":[{"@type":"ListItem","position":1,"name":"Accueil","item":"https:\/\/www.kazacube.com\/site\/"},{"@type":"ListItem","position":2,"name":"Nous contacter"}]},{"@type":"WebSite","@id":"https:\/\/www.kazacube.com\/site\/#website","url":"https:\/\/www.kazacube.com\/site\/","name":"Kazacube-Conseil-Informatique-Formation","description":"R\u00e9v\u00e9lateur de succ\u00e8s","potentialAction":[{"@type":"SearchAction","target":{"@type":"EntryPoint","urlTemplate":"https:\/\/www.kazacube.com\/site\/?s={search_term_string}"},"query-input":{"@type":"PropertyValueSpecification","valueRequired":true,"valueName":"search_term_string"}}],"inLanguage":"fr-FR"}]}},"_links":{"self":[{"href":"https:\/\/www.kazacube.com\/site\/wp-json\/wp\/v2\/pages\/2167","targetHints":{"allow":["GET"]}}],"collection":[{"href":"https:\/\/www.kazacube.com\/site\/wp-json\/wp\/v2\/pages"}],"about":[{"href":"https:\/\/www.kazacube.com\/site\/wp-json\/wp\/v2\/types\/page"}],"author":[{"embeddable":true,"href":"https:\/\/www.kazacube.com\/site\/wp-json\/wp\/v2\/users\/1"}],"replies":[{"embeddable":true,"href":"https:\/\/www.kazacube.com\/site\/wp-json\/wp\/v2\/comments?post=2167"}],"version-history":[{"count":25,"href":"https:\/\/www.kazacube.com\/site\/wp-json\/wp\/v2\/pages\/2167\/revisions"}],"predecessor-version":[{"id":2473,"href":"https:\/\/www.kazacube.com\/site\/wp-json\/wp\/v2\/pages\/2167\/revisions\/2473"}],"wp:attachment":[{"href":"https:\/\/www.kazacube.com\/site\/wp-json\/wp\/v2\/media?parent=2167"}],"curies":[{"name":"wp","href":"https:\/\/api.w.org\/{rel}","templated":true}]}}