{"id":2175,"date":"2024-11-28T13:57:32","date_gmt":"2024-11-28T12:57:32","guid":{"rendered":"http:\/\/www.kazacube.com\/site\/?page_id=2175"},"modified":"2024-11-28T13:57:59","modified_gmt":"2024-11-28T12:57:59","slug":"opportunites","status":"publish","type":"page","link":"https:\/\/www.kazacube.com\/site\/contact\/opportunites\/","title":{"rendered":"Bienvenue sur la page Opportunit\u00e9s de \u00ab\u00a0KAZACUBE\u00a0\u00bb !"},"content":{"rendered":"<p><strong>KAZACUBE<\/strong> est une entreprise \u00e0 capital international, cr\u00e9\u00e9e en 2010, pr\u00e9sente en France, au Maroc et en Tunisie.<\/p>\n<p>KAZACUBE est sp\u00e9cialis\u00e9e dans la<strong> gestion de projets relatifs au financement des entreprises et \u00e0 l&rsquo;inclusion financi\u00e8re,<\/strong> \u00e0 travers des missions d&rsquo;\u00e9tudes, de diagnostic organisationnel et strat\u00e9gique et de mise en oeuvre op\u00e9rationnelle, <strong>dans le secteur financier (banques, leasing, microfinance).<\/strong><\/p>\n<p>Nous avons \u00e9galement d\u00e9velopp\u00e9 une forte exp\u00e9rience dans <strong>la gestion de projets informatiques et l&rsquo;int\u00e9gration de solutions informatiques Open Source<\/strong> (<strong>Open-Prod,<\/strong> <strong>Odoo<\/strong>, Pentaho, Jasper, Talend, MIFOS, &#8230;) aupr\u00e8s du secteur priv\u00e9 ou du secteur public.<\/p>\n<p><strong>Nous intervenons le plus souvent dans le cadre de programmes de coop\u00e9ration internationale, visant \u00e0 favoriser l&rsquo;acc\u00e8s au financement des TPME (downscaling \/ upscaling) et l&rsquo;accompagnement des entrepreneurs (programmes d&rsquo;\u00e9ducation financi\u00e8re et de formation \u00e0 la gestion financi\u00e8re de l&rsquo;entreprise). <\/strong><\/p>\n<p>Nous renfor\u00e7ons r\u00e9guli\u00e8rement nos \u00e9quipes et recherchons plusieurs profils. <strong>N&rsquo;h\u00e9sitez pas \u00e0 postuler<\/strong>, si vous souhaitez participer au d\u00e9veloppement de nos activit\u00e9s<\/p>\n<p>\u00a0<a href=\"https:\/\/www.kazacube.com\/site\/candidature\/\">POSTULER ICI <\/a><\/p>\n<p>Si vous correspondez aux profils que nous recherchons actuellement, nous prendrons contact rapidement avec vous. Dans le cas contraire, votre candidature sera conserv\u00e9e, et nous pourrons reprendre contact avec vous pour de prochains recrutements.<\/p>\n<p>L&rsquo;\u00e9quipe KAZACUBE<\/p>\n\n\n<div class=\"wp-block-image\"><figure class=\"alignleft\"><img loading=\"lazy\" decoding=\"async\" width=\"110\" height=\"82\" src=\"http:\/\/www.kazacube.com\/site\/wp-content\/uploads\/2019\/08\/110_f_equipe-opportunites.jpg\" alt=\"\" class=\"wp-image-2190\"\/><\/figure><\/div>\n\n\n\n<p><\/p>\n","protected":false},"excerpt":{"rendered":"<p>KAZACUBE est une entreprise \u00e0 capital international, cr\u00e9\u00e9e en 2010, pr\u00e9sente en France, au Maroc et en Tunisie. KAZACUBE est sp\u00e9cialis\u00e9e dans la gestion de projets relatifs au financement des entreprises et \u00e0 l&rsquo;inclusion financi\u00e8re, \u00e0 travers des missions d&rsquo;\u00e9tudes, de diagnostic organisationnel et strat\u00e9gique et de mise en oeuvre op\u00e9rationnelle, dans le secteur financier [&hellip;]<\/p>\n","protected":false},"author":1,"featured_media":0,"parent":2167,"menu_order":0,"comment_status":"closed","ping_status":"closed","template":"","meta":{"footnotes":""},"class_list":["post-2175","page","type-page","status-publish","hentry"],"yoast_head":"<!-- This site is optimized with the Yoast SEO plugin v27.1.1 - https:\/\/yoast.com\/product\/yoast-seo-wordpress\/ -->\n<title>Bienvenue sur la page Opportunit\u00e9s de &quot;KAZACUBE&quot; ! - Kazacube-Conseil-Informatique-Formation<\/title>\n<meta name=\"description\" content=\"Rejoindre Kazacube pour contribuer au d\u00e9veloppement des entrepreneurs en Afrique et dans la r\u00e9gion MENA\" \/>\n<meta name=\"robots\" content=\"index, follow, max-snippet:-1, max-image-preview:large, max-video-preview:-1\" \/>\n<link rel=\"canonical\" href=\"https:\/\/www.kazacube.com\/site\/contact\/opportunites\/\" \/>\n<meta property=\"og:locale\" content=\"fr_FR\" \/>\n<meta property=\"og:type\" content=\"article\" \/>\n<meta property=\"og:title\" content=\"Bienvenue sur la page Opportunit\u00e9s de &quot;KAZACUBE&quot; ! - Kazacube-Conseil-Informatique-Formation\" \/>\n<meta property=\"og:description\" content=\"Rejoindre Kazacube pour contribuer au d\u00e9veloppement des entrepreneurs en Afrique et dans la r\u00e9gion MENA\" \/>\n<meta property=\"og:url\" content=\"https:\/\/www.kazacube.com\/site\/contact\/opportunites\/\" \/>\n<meta property=\"og:site_name\" content=\"Kazacube-Conseil-Informatique-Formation\" \/>\n<meta property=\"article:modified_time\" content=\"2024-11-28T12:57:59+00:00\" \/>\n<meta name=\"twitter:card\" content=\"summary_large_image\" \/>\n<meta name=\"twitter:label1\" content=\"Dur\u00e9e de lecture estim\u00e9e\" \/>\n\t<meta name=\"twitter:data1\" content=\"2 minutes\" \/>\n<script type=\"application\/ld+json\" class=\"yoast-schema-graph\">{\"@context\":\"https:\/\/schema.org\",\"@graph\":[{\"@type\":\"WebPage\",\"@id\":\"https:\/\/www.kazacube.com\/site\/contact\/opportunites\/\",\"url\":\"https:\/\/www.kazacube.com\/site\/contact\/opportunites\/\",\"name\":\"Bienvenue sur la page Opportunit\u00e9s de \\\"KAZACUBE\\\" ! - Kazacube-Conseil-Informatique-Formation\",\"isPartOf\":{\"@id\":\"https:\/\/www.kazacube.com\/site\/#website\"},\"datePublished\":\"2024-11-28T12:57:32+00:00\",\"dateModified\":\"2024-11-28T12:57:59+00:00\",\"description\":\"Rejoindre Kazacube pour contribuer au d\u00e9veloppement des entrepreneurs en Afrique et dans la r\u00e9gion MENA\",\"breadcrumb\":{\"@id\":\"https:\/\/www.kazacube.com\/site\/contact\/opportunites\/#breadcrumb\"},\"inLanguage\":\"fr-FR\",\"potentialAction\":[{\"@type\":\"ReadAction\",\"target\":[\"https:\/\/www.kazacube.com\/site\/contact\/opportunites\/\"]}]},{\"@type\":\"BreadcrumbList\",\"@id\":\"https:\/\/www.kazacube.com\/site\/contact\/opportunites\/#breadcrumb\",\"itemListElement\":[{\"@type\":\"ListItem\",\"position\":1,\"name\":\"Accueil\",\"item\":\"https:\/\/www.kazacube.com\/site\/\"},{\"@type\":\"ListItem\",\"position\":2,\"name\":\"Nous contacter\",\"item\":\"https:\/\/www.kazacube.com\/site\/contact\/\"},{\"@type\":\"ListItem\",\"position\":3,\"name\":\"Bienvenue sur la page Opportunit\u00e9s de \u00ab\u00a0KAZACUBE\u00a0\u00bb !\"}]},{\"@type\":\"WebSite\",\"@id\":\"https:\/\/www.kazacube.com\/site\/#website\",\"url\":\"https:\/\/www.kazacube.com\/site\/\",\"name\":\"Kazacube-Conseil-Informatique-Formation\",\"description\":\"R\u00e9v\u00e9lateur de succ\u00e8s\",\"potentialAction\":[{\"@type\":\"SearchAction\",\"target\":{\"@type\":\"EntryPoint\",\"urlTemplate\":\"https:\/\/www.kazacube.com\/site\/?s={search_term_string}\"},\"query-input\":{\"@type\":\"PropertyValueSpecification\",\"valueRequired\":true,\"valueName\":\"search_term_string\"}}],\"inLanguage\":\"fr-FR\"}]}<\/script>\n<!-- \/ Yoast SEO plugin. -->","yoast_head_json":{"title":"Bienvenue sur la page Opportunit\u00e9s de \"KAZACUBE\" ! - Kazacube-Conseil-Informatique-Formation","description":"Rejoindre Kazacube pour contribuer au d\u00e9veloppement des entrepreneurs en Afrique et dans la r\u00e9gion MENA","robots":{"index":"index","follow":"follow","max-snippet":"max-snippet:-1","max-image-preview":"max-image-preview:large","max-video-preview":"max-video-preview:-1"},"canonical":"https:\/\/www.kazacube.com\/site\/contact\/opportunites\/","og_locale":"fr_FR","og_type":"article","og_title":"Bienvenue sur la page Opportunit\u00e9s de \"KAZACUBE\" ! - Kazacube-Conseil-Informatique-Formation","og_description":"Rejoindre Kazacube pour contribuer au d\u00e9veloppement des entrepreneurs en Afrique et dans la r\u00e9gion MENA","og_url":"https:\/\/www.kazacube.com\/site\/contact\/opportunites\/","og_site_name":"Kazacube-Conseil-Informatique-Formation","article_modified_time":"2024-11-28T12:57:59+00:00","twitter_card":"summary_large_image","twitter_misc":{"Dur\u00e9e de lecture estim\u00e9e":"2 minutes"},"schema":{"@context":"https:\/\/schema.org","@graph":[{"@type":"WebPage","@id":"https:\/\/www.kazacube.com\/site\/contact\/opportunites\/","url":"https:\/\/www.kazacube.com\/site\/contact\/opportunites\/","name":"Bienvenue sur la page Opportunit\u00e9s de \"KAZACUBE\" ! - Kazacube-Conseil-Informatique-Formation","isPartOf":{"@id":"https:\/\/www.kazacube.com\/site\/#website"},"datePublished":"2024-11-28T12:57:32+00:00","dateModified":"2024-11-28T12:57:59+00:00","description":"Rejoindre Kazacube pour contribuer au d\u00e9veloppement des entrepreneurs en Afrique et dans la r\u00e9gion MENA","breadcrumb":{"@id":"https:\/\/www.kazacube.com\/site\/contact\/opportunites\/#breadcrumb"},"inLanguage":"fr-FR","potentialAction":[{"@type":"ReadAction","target":["https:\/\/www.kazacube.com\/site\/contact\/opportunites\/"]}]},{"@type":"BreadcrumbList","@id":"https:\/\/www.kazacube.com\/site\/contact\/opportunites\/#breadcrumb","itemListElement":[{"@type":"ListItem","position":1,"name":"Accueil","item":"https:\/\/www.kazacube.com\/site\/"},{"@type":"ListItem","position":2,"name":"Nous contacter","item":"https:\/\/www.kazacube.com\/site\/contact\/"},{"@type":"ListItem","position":3,"name":"Bienvenue sur la page Opportunit\u00e9s de \u00ab\u00a0KAZACUBE\u00a0\u00bb !"}]},{"@type":"WebSite","@id":"https:\/\/www.kazacube.com\/site\/#website","url":"https:\/\/www.kazacube.com\/site\/","name":"Kazacube-Conseil-Informatique-Formation","description":"R\u00e9v\u00e9lateur de succ\u00e8s","potentialAction":[{"@type":"SearchAction","target":{"@type":"EntryPoint","urlTemplate":"https:\/\/www.kazacube.com\/site\/?s={search_term_string}"},"query-input":{"@type":"PropertyValueSpecification","valueRequired":true,"valueName":"search_term_string"}}],"inLanguage":"fr-FR"}]}},"_links":{"self":[{"href":"https:\/\/www.kazacube.com\/site\/wp-json\/wp\/v2\/pages\/2175","targetHints":{"allow":["GET"]}}],"collection":[{"href":"https:\/\/www.kazacube.com\/site\/wp-json\/wp\/v2\/pages"}],"about":[{"href":"https:\/\/www.kazacube.com\/site\/wp-json\/wp\/v2\/types\/page"}],"author":[{"embeddable":true,"href":"https:\/\/www.kazacube.com\/site\/wp-json\/wp\/v2\/users\/1"}],"replies":[{"embeddable":true,"href":"https:\/\/www.kazacube.com\/site\/wp-json\/wp\/v2\/comments?post=2175"}],"version-history":[{"count":25,"href":"https:\/\/www.kazacube.com\/site\/wp-json\/wp\/v2\/pages\/2175\/revisions"}],"predecessor-version":[{"id":2491,"href":"https:\/\/www.kazacube.com\/site\/wp-json\/wp\/v2\/pages\/2175\/revisions\/2491"}],"up":[{"embeddable":true,"href":"https:\/\/www.kazacube.com\/site\/wp-json\/wp\/v2\/pages\/2167"}],"wp:attachment":[{"href":"https:\/\/www.kazacube.com\/site\/wp-json\/wp\/v2\/media?parent=2175"}],"curies":[{"name":"wp","href":"https:\/\/api.w.org\/{rel}","templated":true}]}}